{"id":32179,"date":"2023-11-30T14:52:23","date_gmt":"2023-11-30T13:52:23","guid":{"rendered":"https:\/\/aachen-shopping.de\/?page_id=32179"},"modified":"2023-11-30T14:57:17","modified_gmt":"2023-11-30T13:57:17","slug":"dashboard","status":"publish","type":"page","link":"https:\/\/aachen-shopping.de\/fr\/dashboard\/","title":{"rendered":"Dashboard"},"content":{"rendered":"<p>Sur cette page, vous d\u00e9couvrirez comment vous d\u00e9placer \u00e0 v\u00e9lo, \u00e0 pied, en transports en commun ou en voiture dans la ville la plus occidentale d&#8217;Allemagne.<\/p>\n","protected":false},"excerpt":{"rendered":"<p>Sur cette page, vous d\u00e9couvrirez comment vous d\u00e9placer \u00e0 v\u00e9lo, \u00e0 pied, en transports en commun ou en voiture dans la ville la plus occidentale d&#8217;Allemagne.<\/p>\n","protected":false},"author":1,"featured_media":0,"parent":0,"menu_order":0,"comment_status":"closed","ping_status":"closed","template":"pages\/shopping-gutschein.php","meta":{"_acf_changed":false,"_monsterinsights_skip_tracking":false,"_monsterinsights_sitenote_active":false,"_monsterinsights_sitenote_note":"","_monsterinsights_sitenote_category":0,"footnotes":""},"class_list":["post-32179","page","type-page","status-publish","hentry"],"acf":[],"yoast_head":"<!-- This site is optimized with the Yoast SEO plugin v27.2 - https:\/\/yoast.com\/product\/yoast-seo-wordpress\/ -->\n<title>Dashboard - Einkaufen in Aachen<\/title>\n<meta name=\"robots\" content=\"index, follow, max-snippet:-1, max-image-preview:large, max-video-preview:-1\" \/>\n<link rel=\"canonical\" href=\"https:\/\/aachen-shopping.de\/fr\/dashboard\/\" \/>\n<script type=\"application\/ld+json\" class=\"yoast-schema-graph\">{\"@context\":\"https:\/\/schema.org\",\"@graph\":[{\"@type\":\"WebPage\",\"@id\":\"https:\/\/aachen-shopping.de\/fr\/dashboard\/\",\"url\":\"https:\/\/aachen-shopping.de\/fr\/dashboard\/\",\"name\":\"Dashboard - Einkaufen in Aachen\",\"isPartOf\":{\"@id\":\"https:\/\/aachen-shopping.de\/fr\/#website\"},\"datePublished\":\"2023-11-30T13:52:23+00:00\",\"dateModified\":\"2023-11-30T13:57:17+00:00\",\"breadcrumb\":{\"@id\":\"https:\/\/aachen-shopping.de\/fr\/dashboard\/#breadcrumb\"},\"inLanguage\":\"fr-FR\",\"potentialAction\":[{\"@type\":\"ReadAction\",\"target\":[\"https:\/\/aachen-shopping.de\/fr\/dashboard\/\"]}]},{\"@type\":\"BreadcrumbList\",\"@id\":\"https:\/\/aachen-shopping.de\/fr\/dashboard\/#breadcrumb\",\"itemListElement\":[{\"@type\":\"ListItem\",\"position\":1,\"name\":\"Home\",\"item\":\"https:\/\/aachen-shopping.de\/fr\/\"},{\"@type\":\"ListItem\",\"position\":2,\"name\":\"Dashboard\"}]},{\"@type\":\"WebSite\",\"@id\":\"https:\/\/aachen-shopping.de\/fr\/#website\",\"url\":\"https:\/\/aachen-shopping.de\/fr\/\",\"name\":\"Einkaufen in Aachen\",\"description\":\"\",\"potentialAction\":[{\"@type\":\"SearchAction\",\"target\":{\"@type\":\"EntryPoint\",\"urlTemplate\":\"https:\/\/aachen-shopping.de\/fr\/?s={search_term_string}\"},\"query-input\":{\"@type\":\"PropertyValueSpecification\",\"valueRequired\":true,\"valueName\":\"search_term_string\"}}],\"inLanguage\":\"fr-FR\"}]}<\/script>\n<!-- \/ Yoast SEO plugin. -->","yoast_head_json":{"title":"Dashboard - Einkaufen in Aachen","robots":{"index":"index","follow":"follow","max-snippet":"max-snippet:-1","max-image-preview":"max-image-preview:large","max-video-preview":"max-video-preview:-1"},"canonical":"https:\/\/aachen-shopping.de\/fr\/dashboard\/","schema":{"@context":"https:\/\/schema.org","@graph":[{"@type":"WebPage","@id":"https:\/\/aachen-shopping.de\/fr\/dashboard\/","url":"https:\/\/aachen-shopping.de\/fr\/dashboard\/","name":"Dashboard - Einkaufen in Aachen","isPartOf":{"@id":"https:\/\/aachen-shopping.de\/fr\/#website"},"datePublished":"2023-11-30T13:52:23+00:00","dateModified":"2023-11-30T13:57:17+00:00","breadcrumb":{"@id":"https:\/\/aachen-shopping.de\/fr\/dashboard\/#breadcrumb"},"inLanguage":"fr-FR","potentialAction":[{"@type":"ReadAction","target":["https:\/\/aachen-shopping.de\/fr\/dashboard\/"]}]},{"@type":"BreadcrumbList","@id":"https:\/\/aachen-shopping.de\/fr\/dashboard\/#breadcrumb","itemListElement":[{"@type":"ListItem","position":1,"name":"Home","item":"https:\/\/aachen-shopping.de\/fr\/"},{"@type":"ListItem","position":2,"name":"Dashboard"}]},{"@type":"WebSite","@id":"https:\/\/aachen-shopping.de\/fr\/#website","url":"https:\/\/aachen-shopping.de\/fr\/","name":"Einkaufen in Aachen","description":"","potentialAction":[{"@type":"SearchAction","target":{"@type":"EntryPoint","urlTemplate":"https:\/\/aachen-shopping.de\/fr\/?s={search_term_string}"},"query-input":{"@type":"PropertyValueSpecification","valueRequired":true,"valueName":"search_term_string"}}],"inLanguage":"fr-FR"}]}},"_links":{"self":[{"href":"https:\/\/aachen-shopping.de\/fr\/wp-json\/wp\/v2\/pages\/32179","targetHints":{"allow":["GET"]}}],"collection":[{"href":"https:\/\/aachen-shopping.de\/fr\/wp-json\/wp\/v2\/pages"}],"about":[{"href":"https:\/\/aachen-shopping.de\/fr\/wp-json\/wp\/v2\/types\/page"}],"author":[{"embeddable":true,"href":"https:\/\/aachen-shopping.de\/fr\/wp-json\/wp\/v2\/users\/1"}],"replies":[{"embeddable":true,"href":"https:\/\/aachen-shopping.de\/fr\/wp-json\/wp\/v2\/comments?post=32179"}],"version-history":[{"count":4,"href":"https:\/\/aachen-shopping.de\/fr\/wp-json\/wp\/v2\/pages\/32179\/revisions"}],"predecessor-version":[{"id":32184,"href":"https:\/\/aachen-shopping.de\/fr\/wp-json\/wp\/v2\/pages\/32179\/revisions\/32184"}],"wp:attachment":[{"href":"https:\/\/aachen-shopping.de\/fr\/wp-json\/wp\/v2\/media?parent=32179"}],"curies":[{"name":"wp","href":"https:\/\/api.w.org\/{rel}","templated":true}]}}