{"id":714,"date":"2015-08-05T09:19:36","date_gmt":"2015-08-05T09:19:36","guid":{"rendered":"http:\/\/aachen-shopping.de\/sitemap\/?lang=fr"},"modified":"2015-10-10T19:29:17","modified_gmt":"2015-10-10T19:29:17","slug":"sitemap","status":"publish","type":"page","link":"https:\/\/aachen-shopping.de\/fr\/sitemap\/","title":{"rendered":"SITEMAP"},"content":{"rendered":"\n<!-- Page-list plugin v.4.5 wordpress.org\/plugins\/page-list\/ -->\n<ul class=\"page-list \">\n<li class=\"page_item page-item-482\"><a href=\"https:\/\/aachen-shopping.de\/fr\/aachen-wifi\/\">AIX-LA-CHAPELLE-WIFI<\/a><\/li>\n<li class=\"page_item page-item-561\"><a href=\"https:\/\/aachen-shopping.de\/fr\/antiquitaten\/\">ANTIQUIT\u00c4TEN<\/a><\/li>\n<li class=\"page_item page-item-565\"><a href=\"https:\/\/aachen-shopping.de\/fr\/apps-links\/\">APPLICATIONS + LIENS<\/a><\/li>\n<li class=\"page_item page-item-573\"><a href=\"https:\/\/aachen-shopping.de\/fr\/beauty\/\">BEAUTY<\/a><\/li>\n<li class=\"page_item page-item-577\"><a href=\"https:\/\/aachen-shopping.de\/fr\/bio-fair\/\">BIO + FAIR<\/a><\/li>\n<li class=\"page_item page-item-581\"><a href=\"https:\/\/aachen-shopping.de\/fr\/brillen-uhren\/\">BRILLEN + UHREN<\/a><\/li>\n<li class=\"page_item page-item-585\"><a href=\"https:\/\/aachen-shopping.de\/fr\/bucher\/\">B\u00dcCHER<\/a><\/li>\n<li class=\"page_item page-item-589\"><a href=\"https:\/\/aachen-shopping.de\/fr\/bustrain\/\">BUS+TRAIN<\/a><\/li>\n<li class=\"page_item page-item-24107\"><a href=\"https:\/\/aachen-shopping.de\/fr\/shopping-gutschein\/\">CH\u00c8QUE-CADEAU<\/a><\/li>\n<li class=\"page_item page-item-780\"><a href=\"https:\/\/aachen-shopping.de\/fr\/contact\/\">CONTACT<\/a><\/li>\n<li class=\"page_item page-item-796\"><a href=\"https:\/\/aachen-shopping.de\/fr\/culture\/\">CULTURE<\/a><\/li>\n<li class=\"page_item page-item-32179\"><a href=\"https:\/\/aachen-shopping.de\/fr\/dashboard\/\">Dashboard<\/a><\/li>\n<li class=\"page_item page-item-609\"><a href=\"https:\/\/aachen-shopping.de\/fr\/decouvertedelasemaine\/\">D\u00c9COUVERTE DE LA SEMAINE<\/a><\/li>\n<li class=\"page_item page-item-653\"><a href=\"https:\/\/aachen-shopping.de\/fr\/dimanche-ouverts\/\">DIMANCHE OUVERTS<\/a><\/li>\n<li class=\"page_item page-item-593\"><a href=\"https:\/\/aachen-shopping.de\/fr\/e-mobilite\/\">E-MOBILIT\u00c9<\/a><\/li>\n<li class=\"page_item page-item-641\"><a href=\"https:\/\/aachen-shopping.de\/fr\/avecdesenfants\/\">FAIRE DU SHOPPING AVEC DES ENFANTS<\/a><\/li>\n<li class=\"page_item page-item-597\"><a href=\"https:\/\/aachen-shopping.de\/fr\/feinkost-bio\/\">FEINKOST &#038; BIO<\/a><\/li>\n<li class=\"page_item page-item-605\"><a href=\"https:\/\/aachen-shopping.de\/fr\/fotografie\/\">FOTOGRAFIE<\/a><\/li>\n<li class=\"page_item page-item-613\"><a href=\"https:\/\/aachen-shopping.de\/fr\/freizeit\/\">FREIZEIT<\/a><\/li>\n<li class=\"page_item page-item-629\"><a href=\"https:\/\/aachen-shopping.de\/fr\/friseure\/\">FRISEURE<\/a><\/li>\n<li class=\"page_item page-item-625\"><a href=\"https:\/\/aachen-shopping.de\/fr\/gastronomie\/\">GASTRO<\/a><\/li>\n<li class=\"page_item page-item-621\"><a href=\"https:\/\/aachen-shopping.de\/fr\/genuss\/\">GENUSs<\/a><\/li>\n<li class=\"page_item page-item-557\"><a href=\"https:\/\/aachen-shopping.de\/fr\/gettinghere\/\">Getting here<\/a><\/li>\n<li class=\"page_item page-item-769\"><a href=\"https:\/\/aachen-shopping.de\/fr\/departmentstoresarcades\/\">GRANDS MAGASINS + PASSAGES<\/a><\/li>\n<li class=\"page_item page-item-681\"><a href=\"https:\/\/aachen-shopping.de\/fr\/haus-garten\/\">HAUS + GARTEN<\/a><\/li>\n<li class=\"page_item page-item-756\"><a href=\"https:\/\/aachen-shopping.de\/fr\/herren-damen\/\">HERREN + DAMEN<\/a><\/li>\n<li class=\"page_item page-item-760\"><a href=\"https:\/\/aachen-shopping.de\/fr\/hifi-musik-film\/\">HIFI, MUSIK &#038; FILM<\/a><\/li>\n<li class=\"page_item page-item-397\"><a href=\"https:\/\/aachen-shopping.de\/fr\/\">Home<\/a><\/li>\n<li class=\"page_item page-item-765\"><a href=\"https:\/\/aachen-shopping.de\/fr\/kinder\/\">KINDER<\/a><\/li>\n<li class=\"page_item page-item-784\"><a href=\"https:\/\/aachen-shopping.de\/fr\/kosmetik-wellness\/\">KOSMETIK + WELLNESS<\/a><\/li>\n<li class=\"page_item page-item-788\"><a href=\"https:\/\/aachen-shopping.de\/fr\/kreatives\/\">KREATIVES<\/a><\/li>\n<li class=\"page_item page-item-792\"><a href=\"https:\/\/aachen-shopping.de\/fr\/kuche-bad-accessoires\/\">K\u00dcCHE, BAD + ACCESSOIRES<\/a><\/li>\n<li class=\"page_item page-item-800\"><a href=\"https:\/\/aachen-shopping.de\/fr\/licht\/\">LICHT<\/a><\/li>\n<li class=\"page_item page-item-617\"><a href=\"https:\/\/aachen-shopping.de\/fr\/geschafte-von-a-bis-z\/\">MAGASINS DE A \u00c0 Z<\/a><\/li>\n<li class=\"page_item page-item-3176\"><a href=\"https:\/\/aachen-shopping.de\/fr\/magasinsparcategorie\/\">MAGASINS PAR CAT\u00c9GORIE<\/a><\/li>\n<li class=\"page_item page-item-649\"><a href=\"https:\/\/aachen-shopping.de\/fr\/manifestations\/\">MANIFESTATIONS<\/a><\/li>\n<li class=\"page_item page-item-633\"><a href=\"https:\/\/aachen-shopping.de\/fr\/marche-hebdomadaire\/\">MARCH\u00c9 HEBDOMADAIRE ET MARCH\u00c9 BIO<\/a><\/li>\n<li class=\"page_item page-item-601\"><a href=\"https:\/\/aachen-shopping.de\/fr\/marches\/\">MARCH\u00c9S<\/a><\/li>\n<li class=\"page_item page-item-773\"><a href=\"https:\/\/aachen-shopping.de\/fr\/mentionslegales\/\">MENTIONS L\u00c9GALES<\/a><\/li>\n<li class=\"page_item page-item-743\"><a href=\"https:\/\/aachen-shopping.de\/fr\/mobel\/\">M\u00d6BEL<\/a><\/li>\n<li class=\"page_item page-item-739\"><a href=\"https:\/\/aachen-shopping.de\/fr\/mode\/\">MODE<\/a><\/li>\n<li class=\"page_item page-item-673\"><a href=\"https:\/\/aachen-shopping.de\/fr\/newsletter\/\">NEWSLETTER<\/a><\/li>\n<li class=\"page_item page-item-669\"><a href=\"https:\/\/aachen-shopping.de\/fr\/ol-essig-gewurze\/\">\u00d6L, ESSIG &#038; GEW\u00dcRZE<\/a><\/li>\n<li class=\"page_item page-item-710\"><a href=\"https:\/\/aachen-shopping.de\/fr\/parcours-shopping\/\">PARCOURS SHOPPING<\/a><\/li>\n<li class=\"page_item page-item-665\"><a href=\"https:\/\/aachen-shopping.de\/fr\/parkride\/\">PARK+RIDE<\/a><\/li>\n<li class=\"page_item page-item-4333\"><a href=\"https:\/\/aachen-shopping.de\/fr\/parkings\/\">Parkings<\/a><\/li>\n<li class=\"page_item page-item-661\"><a href=\"https:\/\/aachen-shopping.de\/fr\/places-de-parking-speciales\/\">PLACES DE PARKING SP\u00c9CIALES<\/a><\/li>\n<li class=\"page_item page-item-645\"><a href=\"https:\/\/aachen-shopping.de\/fr\/qui-sommes-nous\/\">QUI SOMMES-NOUS<\/a><\/li>\n<li class=\"page_item page-item-751\"><a href=\"https:\/\/aachen-shopping.de\/fr\/termine\/\">Rendez-vous<\/a><\/li>\n<li class=\"page_item page-item-685\"><a href=\"https:\/\/aachen-shopping.de\/fr\/routenplaner\/\">ROUTEN-PLANER<\/a><\/li>\n<li class=\"page_item page-item-689\"><a href=\"https:\/\/aachen-shopping.de\/fr\/schmuck\/\">SCHMUCK<\/a><\/li>\n<li class=\"page_item page-item-693\"><a href=\"https:\/\/aachen-shopping.de\/fr\/schuhe\/\">SCHUHE<\/a><\/li>\n<li class=\"page_item page-item-697\"><a href=\"https:\/\/aachen-shopping.de\/fr\/second-hand\/\">SECOND HAND<\/a><\/li>\n<li class=\"page_item page-item-701\"><a href=\"https:\/\/aachen-shopping.de\/fr\/service\/\">SERVICE<\/a><\/li>\n<li class=\"page_item page-item-706\"><a href=\"https:\/\/aachen-shopping.de\/fr\/shopping\/\">SHOPPING<\/a><\/li>\n<li class=\"page_item page-item-569\"><a href=\"https:\/\/aachen-shopping.de\/fr\/barrierfree-shopping\/\">SHOPPING ACCESSIBLE  A TOUS<\/a><\/li>\n<li class=\"page_item page-item-714\"><a href=\"https:\/\/aachen-shopping.de\/fr\/sitemap\/\">SITEMAP<\/a><\/li>\n<li class=\"page_item page-item-718\"><a href=\"https:\/\/aachen-shopping.de\/fr\/spiele\/\">SPIELE<\/a><\/li>\n<li class=\"page_item page-item-722\"><a href=\"https:\/\/aachen-shopping.de\/fr\/sport\/\">SPORT<\/a><\/li>\n<li class=\"page_item page-item-726\"><a href=\"https:\/\/aachen-shopping.de\/fr\/susses\/\">S\u00dcSSES<\/a><\/li>\n<li class=\"page_item page-item-730\"><a href=\"https:\/\/aachen-shopping.de\/fr\/taschen-acces-soires\/\">TASCHEN + ACCES SOIRES<\/a><\/li>\n<li class=\"page_item page-item-735\"><a href=\"https:\/\/aachen-shopping.de\/fr\/telefon-internet\/\">TELEFON + INTERNET<\/a><\/li>\n<li class=\"page_item page-item-747\"><a href=\"https:\/\/aachen-shopping.de\/fr\/tiere\/\">TIERE<\/a><\/li>\n<li class=\"page_item page-item-657\"><a href=\"https:\/\/aachen-shopping.de\/fr\/wein-spirituosen\/\">WEIN &#038; SPIRITUOSEN<\/a><\/li>\n<li class=\"page_item page-item-637\"><a href=\"https:\/\/aachen-shopping.de\/fr\/wohnen\/\">WOHNEN<\/a><\/li>\n<li class=\"page_item page-item-5025\"><a href=\"https:\/\/aachen-shopping.de\/fr\/zone-verte\/\">zone verte<\/a><\/li>\n\n<\/ul>\n","protected":false},"excerpt":{"rendered":"AIX-LA-CHAPELLE-WIFI ANTIQUIT\u00c4TEN APPLICATIONS + LIENS BEAUTY BIO + FAIR BRILLEN + UHREN B\u00dcCHER BUS+TRAIN CH\u00c8QUE-CADEAU CONTACT CULTURE Dashboard D\u00c9COUVERTE DE LA SEMAINE DIMANCHE OUVERTS E-MOBILIT\u00c9 FAIRE DU SHOPPING AVEC DES ENFANTS FEINKOST &#038; BIO FOTOGRAFIE FREIZEIT FRISEURE GASTRO GENUSs Getting here GRANDS MAGASINS + PASSAGES HAUS + GARTEN HERREN + DAMEN HIFI, MUSIK &#038; FILM [...]","protected":false},"author":1,"featured_media":0,"parent":0,"menu_order":0,"comment_status":"closed","ping_status":"open","template":"pages\/page-kontakt.php","meta":{"_acf_changed":false,"_monsterinsights_skip_tracking":false,"_monsterinsights_sitenote_active":false,"_monsterinsights_sitenote_note":"","_monsterinsights_sitenote_category":0,"footnotes":""},"class_list":["post-714","page","type-page","status-publish","hentry"],"acf":[],"yoast_head":"<!-- This site is optimized with the Yoast SEO plugin v27.2 - https:\/\/yoast.com\/product\/yoast-seo-wordpress\/ -->\n<title>SITEMAP - Einkaufen in Aachen<\/title>\n<meta name=\"robots\" content=\"index, follow, max-snippet:-1, max-image-preview:large, max-video-preview:-1\" \/>\n<link rel=\"canonical\" href=\"https:\/\/aachen-shopping.de\/fr\/sitemap\/\" \/>\n<script type=\"application\/ld+json\" class=\"yoast-schema-graph\">{\"@context\":\"https:\/\/schema.org\",\"@graph\":[{\"@type\":\"WebPage\",\"@id\":\"https:\/\/aachen-shopping.de\/fr\/sitemap\/\",\"url\":\"https:\/\/aachen-shopping.de\/fr\/sitemap\/\",\"name\":\"SITEMAP - Einkaufen in Aachen\",\"isPartOf\":{\"@id\":\"https:\/\/aachen-shopping.de\/fr\/#website\"},\"datePublished\":\"2015-08-05T09:19:36+00:00\",\"dateModified\":\"2015-10-10T19:29:17+00:00\",\"breadcrumb\":{\"@id\":\"https:\/\/aachen-shopping.de\/fr\/sitemap\/#breadcrumb\"},\"inLanguage\":\"fr-FR\",\"potentialAction\":[{\"@type\":\"ReadAction\",\"target\":[\"https:\/\/aachen-shopping.de\/fr\/sitemap\/\"]}]},{\"@type\":\"BreadcrumbList\",\"@id\":\"https:\/\/aachen-shopping.de\/fr\/sitemap\/#breadcrumb\",\"itemListElement\":[{\"@type\":\"ListItem\",\"position\":1,\"name\":\"Home\",\"item\":\"https:\/\/aachen-shopping.de\/fr\/\"},{\"@type\":\"ListItem\",\"position\":2,\"name\":\"SITEMAP\"}]},{\"@type\":\"WebSite\",\"@id\":\"https:\/\/aachen-shopping.de\/fr\/#website\",\"url\":\"https:\/\/aachen-shopping.de\/fr\/\",\"name\":\"Einkaufen in Aachen\",\"description\":\"\",\"potentialAction\":[{\"@type\":\"SearchAction\",\"target\":{\"@type\":\"EntryPoint\",\"urlTemplate\":\"https:\/\/aachen-shopping.de\/fr\/?s={search_term_string}\"},\"query-input\":{\"@type\":\"PropertyValueSpecification\",\"valueRequired\":true,\"valueName\":\"search_term_string\"}}],\"inLanguage\":\"fr-FR\"}]}<\/script>\n<!-- \/ Yoast SEO plugin. -->","yoast_head_json":{"title":"SITEMAP - Einkaufen in Aachen","robots":{"index":"index","follow":"follow","max-snippet":"max-snippet:-1","max-image-preview":"max-image-preview:large","max-video-preview":"max-video-preview:-1"},"canonical":"https:\/\/aachen-shopping.de\/fr\/sitemap\/","schema":{"@context":"https:\/\/schema.org","@graph":[{"@type":"WebPage","@id":"https:\/\/aachen-shopping.de\/fr\/sitemap\/","url":"https:\/\/aachen-shopping.de\/fr\/sitemap\/","name":"SITEMAP - Einkaufen in Aachen","isPartOf":{"@id":"https:\/\/aachen-shopping.de\/fr\/#website"},"datePublished":"2015-08-05T09:19:36+00:00","dateModified":"2015-10-10T19:29:17+00:00","breadcrumb":{"@id":"https:\/\/aachen-shopping.de\/fr\/sitemap\/#breadcrumb"},"inLanguage":"fr-FR","potentialAction":[{"@type":"ReadAction","target":["https:\/\/aachen-shopping.de\/fr\/sitemap\/"]}]},{"@type":"BreadcrumbList","@id":"https:\/\/aachen-shopping.de\/fr\/sitemap\/#breadcrumb","itemListElement":[{"@type":"ListItem","position":1,"name":"Home","item":"https:\/\/aachen-shopping.de\/fr\/"},{"@type":"ListItem","position":2,"name":"SITEMAP"}]},{"@type":"WebSite","@id":"https:\/\/aachen-shopping.de\/fr\/#website","url":"https:\/\/aachen-shopping.de\/fr\/","name":"Einkaufen in Aachen","description":"","potentialAction":[{"@type":"SearchAction","target":{"@type":"EntryPoint","urlTemplate":"https:\/\/aachen-shopping.de\/fr\/?s={search_term_string}"},"query-input":{"@type":"PropertyValueSpecification","valueRequired":true,"valueName":"search_term_string"}}],"inLanguage":"fr-FR"}]}},"_links":{"self":[{"href":"https:\/\/aachen-shopping.de\/fr\/wp-json\/wp\/v2\/pages\/714","targetHints":{"allow":["GET"]}}],"collection":[{"href":"https:\/\/aachen-shopping.de\/fr\/wp-json\/wp\/v2\/pages"}],"about":[{"href":"https:\/\/aachen-shopping.de\/fr\/wp-json\/wp\/v2\/types\/page"}],"author":[{"embeddable":true,"href":"https:\/\/aachen-shopping.de\/fr\/wp-json\/wp\/v2\/users\/1"}],"replies":[{"embeddable":true,"href":"https:\/\/aachen-shopping.de\/fr\/wp-json\/wp\/v2\/comments?post=714"}],"version-history":[{"count":0,"href":"https:\/\/aachen-shopping.de\/fr\/wp-json\/wp\/v2\/pages\/714\/revisions"}],"wp:attachment":[{"href":"https:\/\/aachen-shopping.de\/fr\/wp-json\/wp\/v2\/media?parent=714"}],"curies":[{"name":"wp","href":"https:\/\/api.w.org\/{rel}","templated":true}]}}